{"id":9,"date":"2023-04-17T19:19:19","date_gmt":"2023-04-17T19:19:19","guid":{"rendered":"https:\/\/grupodena.com\/website\/?page_id=9"},"modified":"2024-03-15T14:14:33","modified_gmt":"2024-03-15T14:14:33","slug":"home","status":"publish","type":"page","link":"https:\/\/grupodena.com\/","title":{"rendered":"HOME"},"content":{"rendered":"<p>[vc_row type=&#8221;full_width_section&#8221; row_id=&#8221;inicio&#8221;][vc_column width=&#8221;1\/1&#8243;]\n\t\t\t<!-- START HOME SLIDER REVOLUTION SLIDER 6.5.25 --><p class=\"rs-p-wp-fix\"><\/p>\n\t\t\t<rs-module-wrap id=\"rev_slider_1_1_wrapper\" data-source=\"gallery\" style=\"visibility:hidden;background:transparent;padding:0;margin:0px auto;margin-top:0;margin-bottom:0;\">\n\t\t\t\t<rs-module id=\"rev_slider_1_1\" style=\"\" data-version=\"6.5.25\">\n\t\t\t\t\t<rs-slides>\n\t\t\t\t\t\t<rs-slide style=\"position: absolute;\" data-key=\"rs-1\" data-title=\"Slide\" data-thumb=\"\/\/grupodena.com\/website\/wp-content\/uploads\/revslider\/home-slider\/IMG-SLIDER-1-2-50x100.jpg\" data-in=\"o:0;\" data-out=\"a:false;\">\n\t\t\t\t\t\t\t<img decoding=\"async\" src=\"\/\/grupodena.com\/website\/wp-content\/plugins\/revslider\/public\/assets\/assets\/dummy.png\" alt=\"\" title=\"IMG-SLIDER-1-2.jpg\" width=\"1440\" height=\"720\" class=\"rev-slidebg tp-rs-img rs-lazyload\" data-lazyload=\"\/\/grupodena.com\/website\/wp-content\/uploads\/revslider\/home-slider\/IMG-SLIDER-1-2.jpg\" data-panzoom=\"d:10000;ss:100;se:120%;os:10px\/0;oe:10px\/0;\" data-no-retina>\n<!---->\t\t\t\t\t\t<\/rs-slide>\n\t\t\t\t\t\t<rs-slide style=\"position: absolute;\" data-key=\"rs-2\" data-title=\"Slide\" data-thumb=\"\/\/grupodena.com\/website\/wp-content\/uploads\/revslider\/home-slider\/IMG-SLIDER-1-1-50x100.jpg\" data-in=\"o:0;\" data-out=\"a:false;\">\n\t\t\t\t\t\t\t<img decoding=\"async\" src=\"\/\/grupodena.com\/website\/wp-content\/plugins\/revslider\/public\/assets\/assets\/dummy.png\" alt=\"\" title=\"IMG-SLIDER-1-1.jpg\" width=\"1440\" height=\"720\" class=\"rev-slidebg tp-rs-img rs-lazyload\" data-lazyload=\"\/\/grupodena.com\/website\/wp-content\/uploads\/revslider\/home-slider\/IMG-SLIDER-1-1.jpg\" data-panzoom=\"d:10000;ss:100;se:120%;os:10px\/0;oe:10px\/0;\" data-no-retina>\n<!---->\t\t\t\t\t\t<\/rs-slide>\n\t\t\t\t\t\t<rs-slide style=\"position: absolute;\" data-key=\"rs-3\" data-title=\"Slide\" data-thumb=\"\/\/grupodena.com\/website\/wp-content\/uploads\/revslider\/home-slider\/IMG-SLIDER-2-50x100.jpg\" data-in=\"o:0;\" data-out=\"a:false;\">\n\t\t\t\t\t\t\t<img decoding=\"async\" src=\"\/\/grupodena.com\/website\/wp-content\/plugins\/revslider\/public\/assets\/assets\/dummy.png\" alt=\"\" title=\"IMG-SLIDER-2.jpg\" width=\"1440\" height=\"720\" class=\"rev-slidebg tp-rs-img rs-lazyload\" data-lazyload=\"\/\/grupodena.com\/website\/wp-content\/uploads\/revslider\/home-slider\/IMG-SLIDER-2.jpg\" data-panzoom=\"d:10000;ss:100;se:120%;os:10px\/0;oe:10px\/0;\" data-no-retina>\n<!---->\t\t\t\t\t\t<\/rs-slide>\n\t\t\t\t\t<\/rs-slides>\n\t\t\t\t\t<rs-static-layers><!--\n\n\t\t\t\t\t\t\t--><rs-layer\n\t\t\t\t\t\t\t\tid=\"slider-1-slide-1-layer-0\" \n\t\t\t\t\t\t\t\tclass=\"rs-layer-static\"\n\t\t\t\t\t\t\t\tdata-type=\"text\"\n\t\t\t\t\t\t\t\tdata-tsh=\"c:rgba(117,117,117,0.25);h:5px;v:5px;b:5px;\"\n\t\t\t\t\t\t\t\tdata-rsp_ch=\"on\"\n\t\t\t\t\t\t\t\tdata-xy=\"xo:35px;y:m;\"\n\t\t\t\t\t\t\t\tdata-text=\"w:normal;s:61;l:65;fw:700;\"\n\t\t\t\t\t\t\t\tdata-onslides=\"s:1;\"\n\t\t\t\t\t\t\t\tdata-frame_0=\"x:right;\"\n\t\t\t\t\t\t\t\tdata-frame_1=\"sp:1000;\"\n\t\t\t\t\t\t\t\tdata-frame_999=\"o:0;st:w;\"\n\t\t\t\t\t\t\t\tstyle=\"z-index:5;font-family:'Oswald';\"\n\t\t\t\t\t\t\t>Trabajamos para que nuestros <br \/>clientes logren los mejores <br \/>resultados \n\t\t\t\t\t\t\t<\/rs-layer><!--\n\n\t\t\t\t\t\t\t--><rs-layer\n\t\t\t\t\t\t\t\tid=\"slider-1-slide-1-layer-1\" \n\t\t\t\t\t\t\t\tclass=\"rs-layer-static\"\n\t\t\t\t\t\t\t\tdata-type=\"image\"\n\t\t\t\t\t\t\t\tdata-rsp_ch=\"on\"\n\t\t\t\t\t\t\t\tdata-xy=\"x:c;y:b;yo:-3px;\"\n\t\t\t\t\t\t\t\tdata-text=\"w:normal;\"\n\t\t\t\t\t\t\t\tdata-dim=\"w:['1920px','1920px','1920px','1920px'];h:['50px','50px','50px','50px'];\"\n\t\t\t\t\t\t\t\tdata-onslides=\"s:1;\"\n\t\t\t\t\t\t\t\tdata-frame_999=\"o:0;st:w;\"\n\t\t\t\t\t\t\t\tstyle=\"z-index:6;\"\n\t\t\t\t\t\t\t><img decoding=\"async\" src=\"\/\/grupodena.com\/website\/wp-content\/plugins\/revslider\/public\/assets\/assets\/dummy.png\" alt=\"\" class=\"tp-rs-img rs-lazyload\" width=\"1920\" height=\"50\" data-lazyload=\"\/\/grupodena.com\/website\/wp-content\/uploads\/revslider\/home-slider\/SLIDER-DIVIDER.png\" data-no-retina> \n\t\t\t\t\t\t\t<\/rs-layer><!--\n\t\t\t\t\t--><\/rs-static-layers>\n\t\t\t\t<\/rs-module>\n\t\t\t\t<script>\n\t\t\t\t\tsetREVStartSize({c: 'rev_slider_1_1',rl:[1240,1024,1024,1024],el:[720,768,768,768],gw:[1440,1440,1440,1440],gh:[720,720,720,720],type:'standard',justify:'',layout:'fullwidth',mh:\"0\"});if (window.RS_MODULES!==undefined && window.RS_MODULES.modules!==undefined && window.RS_MODULES.modules[\"revslider11\"]!==undefined) {window.RS_MODULES.modules[\"revslider11\"].once = false;window.revapi1 = undefined;if (window.RS_MODULES.checkMinimal!==undefined) window.RS_MODULES.checkMinimal()}\n\t\t\t\t<\/script>\n\t\t\t<\/rs-module-wrap>\n\t\t\t<!-- END REVOLUTION SLIDER -->\n[\/vc_column][\/vc_row][vc_row bg_color=&#8221;#092c46&#8243; text_color=&#8221;light&#8221; row_id=&#8221;nosotros&#8221;][vc_column width=&#8221;1\/1&#8243;]<div class=\"spacer\" style=\"height: 45px;\"><\/div>[vc_row_inner][vc_column_inner width=&#8221;1\/2&#8243;]<div class=\"single_image wpb_content_element align-left    \" data-animation=\"none\" data-delay=\"0\"><img loading=\"lazy\" decoding=\"async\" width=\"800\" height=\"600\" src=\"https:\/\/grupodena.com\/website\/wp-content\/uploads\/2023\/04\/BG-EMPRESA.png\" class=\"attachment-full\" alt=\"\" title=\"BG-EMPRESA\" srcset=\"https:\/\/grupodena.com\/website\/wp-content\/uploads\/2023\/04\/BG-EMPRESA.png 800w, https:\/\/grupodena.com\/website\/wp-content\/uploads\/2023\/04\/BG-EMPRESA-300x225.png 300w, https:\/\/grupodena.com\/website\/wp-content\/uploads\/2023\/04\/BG-EMPRESA-768x576.png 768w\" sizes=\"(max-width: 800px) 100vw, 800px\" \/><\/div>[\/vc_column_inner][vc_column_inner width=&#8221;1\/2&#8243;]<h1 class=\"headline font-special fontsize-xxxxl fontweight-inherit lh-inherit align-left transform-inherit \" style=\"margin: 0 0 20px 0;\">Sobre Nosotros<\/h1>[vc_column_text css_animation=&#8221;fadeInRight&#8221; el_class=&#8221;texto-jus&#8221;]<\/p>\n<h2>Bienvenidos a nuestro sitio web de consultor\u00eda integral en Latinoam\u00e9rica. Ofrecemos servicios especializados para ayudar a empresas a maximizar su rendimiento y alcanzar sus objetivos estrat\u00e9gicos en un entorno competitivo y cambiante.<\/h2>\n<p>[\/vc_column_text][vc_column_text css_animation=&#8221;fadeInLeft&#8221; el_class=&#8221;texto-jus&#8221;]<\/p>\n<h2>En nuestra consultor\u00eda integral en Latinoam\u00e9rica, nos comprometemos en generar valor y resultados tangibles para nuestros clientes. Trabajamos con pasi\u00f3n, compromiso y dedicaci\u00f3n para alcanzar el \u00e9xito empresarial y el crecimiento sostenible en la regi\u00f3n.<\/h2>\n<p>[\/vc_column_text][\/vc_column_inner][\/vc_row_inner]<div class=\"spacer\" style=\"height: 75px;\"><\/div>[\/vc_column][\/vc_row][vc_row bg_image=&#8221;21&#8243; parallax_bg=&#8221;true&#8221; stellar_class=&#8221;fixed&#8221; row_id=&#8221;equipo&#8221;][vc_column width=&#8221;1\/1&#8243;]<div class=\"spacer\" style=\"height: 45px;\"><\/div><div class=\"spacer\" style=\"height: 75px;\"><\/div><h1 class=\"headline font-special fontsize-xxxxl fontweight-inherit lh-inherit align-center transform-inherit \" style=\"margin: 0 0 20px 0;\">Nuestro Equipo<\/h1><div class=\"newdivider align-center\" style=\"border-bottom-style: solid; border-color: #efc621; border-bottom-width: 4px; margin-top: 0; margin-bottom: 25px; width: 25%; \"><\/div><div class=\"clear\"><\/div>[vc_row_inner][vc_column_inner width=&#8221;1\/6&#8243;][\/vc_column_inner][vc_column_inner width=&#8221;2\/3&#8243;][vc_column_text css_animation=&#8221;fadeInRight&#8221; el_class=&#8221;texto-jus&#8221;]<\/p>\n<h2>Contamos con un equipo de expertos en diferentes \u00e1reas de negocio que est\u00e1n comprometidos en brindar soluciones innovadoras y personalizadas a nuestros clientes. Nuestro enfoque hol\u00edstico y multidisciplinario nos permite abordar los desaf\u00edos de manera integral, desde la planificaci\u00f3n estrat\u00e9gica hasta la implementaci\u00f3n y evaluaci\u00f3n de los proyectos.<\/h2>\n<p>[\/vc_column_text][\/vc_column_inner][vc_column_inner width=&#8221;1\/6&#8243;][\/vc_column_inner][\/vc_row_inner]<div class=\"spacer\" style=\"height: 75px;\"><\/div><div class=\"spacer\" style=\"height: 45px;\"><\/div>[\/vc_column][\/vc_row][vc_row row_id=&#8221;servicios&#8221;][vc_column width=&#8221;1\/1&#8243;]<div class=\"spacer\" style=\"height: 75px;\"><\/div><h1 class=\"headline font-special fontsize-xxxxl fontweight-inherit lh-inherit align-center transform-inherit \" style=\"margin: 0 0 20px 0;\">Nuestros Servicios<\/h1><div class=\"newdivider align-center\" style=\"border-bottom-style: solid; border-color: #efc621; border-bottom-width: 4px; margin-top: 0; margin-bottom: 25px; width: 25%; \"><\/div><div class=\"clear\"><\/div>[vc_row_inner][vc_column_inner width=&#8221;1\/6&#8243;][\/vc_column_inner][vc_column_inner width=&#8221;2\/3&#8243;][vc_column_text css_animation=&#8221;fadeInLeft&#8221; el_class=&#8221;texto-jus&#8221;]<\/p>\n<h2>Nuestros servicios incluyen consultor\u00eda en gesti\u00f3n empresarial, estrategia, marketing, finanzas, recursos humanos, tecnolog\u00eda de la informaci\u00f3n, operaciones y log\u00edstica, entre otros. Nos enfocamos en identificar las \u00e1reas de oportunidad y dise\u00f1ar soluciones espec\u00edficas para cada cliente, adapt\u00e1ndonos a sus necesidades y requisitos.<\/h2>\n<p>[\/vc_column_text][\/vc_column_inner][vc_column_inner width=&#8221;1\/6&#8243;][\/vc_column_inner][\/vc_row_inner]<div class=\"spacer\" style=\"height: 75px;\"><\/div>[vc_row_inner][vc_column_inner width=&#8221;1\/4&#8243;]<div class=\"single_image wpb_content_element align-center   image_opacity \" data-animation=\"none\" data-delay=\"0\"><img loading=\"lazy\" decoding=\"async\" width=\"250\" height=\"250\" src=\"https:\/\/grupodena.com\/website\/wp-content\/uploads\/2023\/04\/GrupoDENA-ICON-3.png\" class=\"attachment-full\" alt=\"\" title=\"GrupoDENA-ICON-3\" srcset=\"https:\/\/grupodena.com\/website\/wp-content\/uploads\/2023\/04\/GrupoDENA-ICON-3.png 250w, https:\/\/grupodena.com\/website\/wp-content\/uploads\/2023\/04\/GrupoDENA-ICON-3-150x150.png 150w, https:\/\/grupodena.com\/website\/wp-content\/uploads\/2023\/04\/GrupoDENA-ICON-3-80x80.png 80w\" sizes=\"(max-width: 250px) 100vw, 250px\" \/><\/div>[vc_column_text]<\/p>\n<h2 style=\"text-align: center;\"><strong>Gesti\u00f3n Estrat\u00e9gica<\/strong><\/h2>\n<p>[\/vc_column_text][vc_column_text css_animation=&#8221;fadeInUp&#8221; el_class=&#8221;texto-jus&#8221;]Ayudamos a tu empresa a tener una adecuada organizaci\u00f3n de todos los recursos disponibles para lograr los objetivos planteados, y de esa forma lograr una mejora continua y un crecimiento sostenible en el mediano y largo plazo.[\/vc_column_text][\/vc_column_inner][vc_column_inner width=&#8221;1\/4&#8243;]<div class=\"single_image wpb_content_element align-center   image_opacity \" data-animation=\"none\" data-delay=\"0\"><img loading=\"lazy\" decoding=\"async\" width=\"250\" height=\"250\" src=\"https:\/\/grupodena.com\/website\/wp-content\/uploads\/2023\/04\/GrupoDENA-ICON-2.png\" class=\"attachment-full\" alt=\"\" title=\"GrupoDENA-ICON-2\" srcset=\"https:\/\/grupodena.com\/website\/wp-content\/uploads\/2023\/04\/GrupoDENA-ICON-2.png 250w, https:\/\/grupodena.com\/website\/wp-content\/uploads\/2023\/04\/GrupoDENA-ICON-2-150x150.png 150w, https:\/\/grupodena.com\/website\/wp-content\/uploads\/2023\/04\/GrupoDENA-ICON-2-80x80.png 80w\" sizes=\"(max-width: 250px) 100vw, 250px\" \/><\/div>[vc_column_text]<\/p>\n<h2 style=\"text-align: center;\"><strong>Gesti\u00f3n Contable<\/strong><\/h2>\n<p>[\/vc_column_text][vc_column_text css_animation=&#8221;fadeInDown&#8221; el_class=&#8221;texto-jus&#8221;]Te asesoramos en como desarrollar un sistema de contabilidad confiable, \u00e1gil y que permita llevar un amplio control de todos los procesos de tu empresa, al mismo\u00a0tiempo que brindamos un servicio integral para cumplir perfectamente con tus obligaciones impositivas.[\/vc_column_text][\/vc_column_inner][vc_column_inner width=&#8221;1\/4&#8243;]<div class=\"single_image wpb_content_element align-center   image_opacity \" data-animation=\"none\" data-delay=\"0\"><img loading=\"lazy\" decoding=\"async\" width=\"250\" height=\"250\" src=\"https:\/\/grupodena.com\/website\/wp-content\/uploads\/2023\/04\/GrupoDENA-ICON-1.png\" class=\"attachment-full\" alt=\"\" title=\"GrupoDENA-ICON-1\" srcset=\"https:\/\/grupodena.com\/website\/wp-content\/uploads\/2023\/04\/GrupoDENA-ICON-1.png 250w, https:\/\/grupodena.com\/website\/wp-content\/uploads\/2023\/04\/GrupoDENA-ICON-1-150x150.png 150w, https:\/\/grupodena.com\/website\/wp-content\/uploads\/2023\/04\/GrupoDENA-ICON-1-80x80.png 80w\" sizes=\"(max-width: 250px) 100vw, 250px\" \/><\/div>[vc_column_text]<\/p>\n<h2 style=\"text-align: center;\"><strong>Gesti\u00f3n Legal<\/strong><\/h2>\n<p>[\/vc_column_text][vc_column_text css_animation=&#8221;fadeInUp&#8221; el_class=&#8221;texto-jus&#8221;]Contamos con un grupo de abogados especializados en derecho comercial que te pueden asesorar en todos los asuntos legales que afronte tu empresa. Indemnizaciones, emisi\u00f3n de obligaciones, contratos, etc.[\/vc_column_text][\/vc_column_inner][vc_column_inner width=&#8221;1\/4&#8243;]<div class=\"single_image wpb_content_element align-center   image_opacity \" data-animation=\"none\" data-delay=\"0\"><img loading=\"lazy\" decoding=\"async\" width=\"250\" height=\"250\" src=\"https:\/\/grupodena.com\/website\/wp-content\/uploads\/2023\/04\/GrupoDENA-ICON-4.png\" class=\"attachment-full\" alt=\"\" title=\"GrupoDENA-ICON-4\" srcset=\"https:\/\/grupodena.com\/website\/wp-content\/uploads\/2023\/04\/GrupoDENA-ICON-4.png 250w, https:\/\/grupodena.com\/website\/wp-content\/uploads\/2023\/04\/GrupoDENA-ICON-4-150x150.png 150w, https:\/\/grupodena.com\/website\/wp-content\/uploads\/2023\/04\/GrupoDENA-ICON-4-80x80.png 80w\" sizes=\"(max-width: 250px) 100vw, 250px\" \/><\/div>[vc_column_text]<\/p>\n<h2 style=\"text-align: center;\"><strong>Proyectos de Inversi\u00f3n<\/strong><\/h2>\n<p>[\/vc_column_text][vc_column_text css_animation=&#8221;fadeInDown&#8221; el_class=&#8221;texto-jus&#8221;]Tambi\u00e9n podemos ayudarte a evaluar nuevos emprendimientos desde cero o bien mejoras que quieras aplicar a tu empresa en marcha. Desde la evaluaci\u00f3n\u00a0total del proyecto de inversi\u00f3n, hasta su implementaci\u00f3n y control de resultados.[\/vc_column_text][\/vc_column_inner][\/vc_row_inner]<div class=\"spacer\" style=\"height: 75px;\"><\/div>[\/vc_column][\/vc_row][vc_row bg_image=&#8221;43&#8243; parallax_bg=&#8221;true&#8221; stellar_class=&#8221;fixed&#8221; bg_color=&#8221;#092c46&#8243; text_color=&#8221;light&#8221; row_id=&#8221;contacto&#8221;][vc_column width=&#8221;1\/1&#8243;]<div class=\"spacer\" style=\"height: 45px;\"><\/div><h1 class=\"headline font-special fontsize-xxxxl fontweight-inherit lh-inherit align-center transform-inherit \" style=\"margin: 0 0 20px 0;\">Contacto<\/h1><div class=\"newdivider align-center\" style=\"border-bottom-style: solid; border-color: #efc621; border-bottom-width: 4px; margin-top: 0; margin-bottom: 25px; width: 25%; \"><\/div><div class=\"clear\"><\/div><div class=\"spacer\" style=\"height: 25px;\"><\/div>[vc_row_inner][vc_column_inner width=&#8221;1\/2&#8243;]<div class=\"single_image wpb_content_element align-left    \" data-animation=\"none\" data-delay=\"0\"><img loading=\"lazy\" decoding=\"async\" width=\"300\" height=\"81\" src=\"https:\/\/grupodena.com\/website\/wp-content\/uploads\/2023\/04\/GrupoDENA-LOGO-W-300x81.png\" class=\"attachment-medium\" alt=\"\" title=\"GrupoDENA-LOGO-W\" srcset=\"https:\/\/grupodena.com\/website\/wp-content\/uploads\/2023\/04\/GrupoDENA-LOGO-W-300x81.png 300w, https:\/\/grupodena.com\/website\/wp-content\/uploads\/2023\/04\/GrupoDENA-LOGO-W.png 370w\" sizes=\"(max-width: 300px) 100vw, 300px\" \/><\/div><h1 class=\"headline font-special fontsize-l fontweight-inherit lh-inherit align-left transform-inherit \" style=\"margin: 0 0 20px 0;\">\u00bfDudas, consultas? Hablemos.<\/h1>[vc_column_text css_animation=&#8221;fadeInLeft&#8221;]Para contactarnos envienos un Email a <a href=\"mailto:info@grupodena.com\" target=\"_top\" rel=\"noopener\">info@grupodena.com<\/a> o complete el formulario.[\/vc_column_text][\/vc_column_inner][vc_column_inner width=&#8221;1\/2&#8243;]\n<div class=\"wpcf7 no-js\" id=\"wpcf7-f6-o1\" lang=\"en-US\" dir=\"ltr\">\n<div class=\"screen-reader-response\"><p role=\"status\" aria-live=\"polite\" aria-atomic=\"true\"><\/p> <ul><\/ul><\/div>\n<form action=\"\/index.php\/wp-json\/wp\/v2\/pages\/9#wpcf7-f6-o1\" method=\"post\" class=\"wpcf7-form init\" aria-label=\"Contact form\" novalidate=\"novalidate\" data-status=\"init\">\n<div style=\"display: none;\">\n<input type=\"hidden\" name=\"_wpcf7\" value=\"6\" \/>\n<input type=\"hidden\" name=\"_wpcf7_version\" value=\"5.8.6\" \/>\n<input type=\"hidden\" name=\"_wpcf7_locale\" value=\"en_US\" \/>\n<input type=\"hidden\" name=\"_wpcf7_unit_tag\" value=\"wpcf7-f6-o1\" \/>\n<input type=\"hidden\" name=\"_wpcf7_container_post\" value=\"0\" \/>\n<input type=\"hidden\" name=\"_wpcf7_posted_data_hash\" value=\"\" \/>\n<\/div>\n<p><label> Nombre*<br \/>\n<span class=\"wpcf7-form-control-wrap\" data-name=\"your-name\"><input size=\"40\" class=\"wpcf7-form-control wpcf7-text wpcf7-validates-as-required\" autocomplete=\"name\" aria-required=\"true\" aria-invalid=\"false\" value=\"\" type=\"text\" name=\"your-name\" \/><\/span> <\/label>\n<\/p>\n<p><label> Email*<br \/>\n<span class=\"wpcf7-form-control-wrap\" data-name=\"your-email\"><input size=\"40\" class=\"wpcf7-form-control wpcf7-email wpcf7-validates-as-required wpcf7-text wpcf7-validates-as-email\" autocomplete=\"email\" aria-required=\"true\" aria-invalid=\"false\" value=\"\" type=\"email\" name=\"your-email\" \/><\/span> <\/label>\n<\/p>\n<p><label> Aunto<br \/>\n<span class=\"wpcf7-form-control-wrap\" data-name=\"your-subject\"><input size=\"40\" class=\"wpcf7-form-control wpcf7-text wpcf7-validates-as-required\" aria-required=\"true\" aria-invalid=\"false\" value=\"\" type=\"text\" name=\"your-subject\" \/><\/span> <\/label>\n<\/p>\n<p><label> Mensaje (optional)<br \/>\n<span class=\"wpcf7-form-control-wrap\" data-name=\"your-message\"><textarea cols=\"40\" rows=\"10\" class=\"wpcf7-form-control wpcf7-textarea\" aria-invalid=\"false\" name=\"your-message\"><\/textarea><\/span> <\/label>\n<\/p>\n<p><input class=\"wpcf7-form-control wpcf7-submit has-spinner\" type=\"submit\" value=\"Enviar\" \/>\n<\/p><div class=\"wpcf7-response-output\" aria-hidden=\"true\"><\/div>\n<\/form>\n<\/div>\n[\/vc_column_inner][\/vc_row_inner]<div class=\"spacer\" style=\"height: 45px;\"><\/div>[\/vc_column][\/vc_row]<\/p>\n","protected":false},"excerpt":{"rendered":"<p>[vc_row type=&#8221;full_width_section&#8221; row_id=&#8221;inicio&#8221;][vc_column width=&#8221;1\/1&#8243;][\/vc_column][\/vc_row][vc_row bg_color=&#8221;#092c46&#8243; text_color=&#8221;light&#8221; row_id=&#8221;nosotros&#8221;][vc_column width=&#8221;1\/1&#8243;][vc_row_inner][vc_column_inner width=&#8221;1\/2&#8243;][\/vc_column_inner][vc_column_inner width=&#8221;1\/2&#8243;][vc_column_text css_animation=&#8221;fadeInRight&#8221; el_class=&#8221;texto-jus&#8221;] Bienvenidos a nuestro sitio web de consultor\u00eda integral en Latinoam\u00e9rica. Ofrecemos servicios especializados para ayudar a empresas a maximizar su rendimiento y alcanzar sus objetivos estrat\u00e9gicos en un entorno competitivo y cambiante. [\/vc_column_text][vc_column_text css_animation=&#8221;fadeInLeft&#8221; el_class=&#8221;texto-jus&#8221;] En nuestra consultor\u00eda integral en Latinoam\u00e9rica, nos comprometemos en generar valor y resultados tangibles para nuestros clientes. Trabajamos con pasi\u00f3n, compromiso y dedicaci\u00f3n para alcanzar el \u00e9xito empresarial y el crecimiento sostenible en la regi\u00f3n. [\/vc_column_text][\/vc_column_inner][\/vc_row_inner][\/vc_column][\/vc_row][vc_row bg_image=&#8221;21&#8243; parallax_bg=&#8221;true&#8221; stellar_class=&#8221;fixed&#8221; row_id=&#8221;equipo&#8221;][vc_column width=&#8221;1\/1&#8243;][vc_row_inner][vc_column_inner width=&#8221;1\/6&#8243;][\/vc_column_inner][vc_column_inner width=&#8221;2\/3&#8243;][vc_column_text css_animation=&#8221;fadeInRight&#8221; el_class=&#8221;texto-jus&#8221;] Contamos con un equipo de expertos en diferentes \u00e1reas de negocio que est\u00e1n comprometidos en brindar soluciones innovadoras y personalizadas a nuestros clientes. Nuestro enfoque hol\u00edstico y multidisciplinario nos permite abordar los desaf\u00edos de manera integral, desde la planificaci\u00f3n estrat\u00e9gica hasta la implementaci\u00f3n y evaluaci\u00f3n de los proyectos. [\/vc_column_text][\/vc_column_inner][vc_column_inner width=&#8221;1\/6&#8243;][\/vc_column_inner][\/vc_row_inner][\/vc_column][\/vc_row][vc_row row_id=&#8221;servicios&#8221;][vc_column width=&#8221;1\/1&#8243;][vc_row_inner][vc_column_inner width=&#8221;1\/6&#8243;][\/vc_column_inner][vc_column_inner width=&#8221;2\/3&#8243;][vc_column_text css_animation=&#8221;fadeInLeft&#8221; el_class=&#8221;texto-jus&#8221;] Nuestros servicios incluyen consultor\u00eda en gesti\u00f3n empresarial, estrategia, marketing, finanzas, recursos humanos, tecnolog\u00eda de la informaci\u00f3n, operaciones y log\u00edstica, entre otros. Nos enfocamos en identificar las \u00e1reas de oportunidad y dise\u00f1ar soluciones espec\u00edficas para cada cliente, adapt\u00e1ndonos a sus necesidades y requisitos. [\/vc_column_text][\/vc_column_inner][vc_column_inner width=&#8221;1\/6&#8243;][\/vc_column_inner][\/vc_row_inner][vc_row_inner][vc_column_inner width=&#8221;1\/4&#8243;][vc_column_text] Gesti\u00f3n Estrat\u00e9gica [\/vc_column_text][vc_column_text css_animation=&#8221;fadeInUp&#8221; el_class=&#8221;texto-jus&#8221;]Ayudamos a tu [&hellip;]<\/p>\n","protected":false},"author":1,"featured_media":0,"parent":0,"menu_order":0,"comment_status":"closed","ping_status":"closed","template":"","meta":{"footnotes":""},"_links":{"self":[{"href":"https:\/\/grupodena.com\/index.php\/wp-json\/wp\/v2\/pages\/9"}],"collection":[{"href":"https:\/\/grupodena.com\/index.php\/wp-json\/wp\/v2\/pages"}],"about":[{"href":"https:\/\/grupodena.com\/index.php\/wp-json\/wp\/v2\/types\/page"}],"author":[{"embeddable":true,"href":"https:\/\/grupodena.com\/index.php\/wp-json\/wp\/v2\/users\/1"}],"replies":[{"embeddable":true,"href":"https:\/\/grupodena.com\/index.php\/wp-json\/wp\/v2\/comments?post=9"}],"version-history":[{"count":37,"href":"https:\/\/grupodena.com\/index.php\/wp-json\/wp\/v2\/pages\/9\/revisions"}],"predecessor-version":[{"id":78,"href":"https:\/\/grupodena.com\/index.php\/wp-json\/wp\/v2\/pages\/9\/revisions\/78"}],"wp:attachment":[{"href":"https:\/\/grupodena.com\/index.php\/wp-json\/wp\/v2\/media?parent=9"}],"curies":[{"name":"wp","href":"https:\/\/api.w.org\/{rel}","templated":true}]}}